{"id":6,"date":"2024-11-01T15:38:27","date_gmt":"2024-11-01T14:38:27","guid":{"rendered":"https:\/\/intellforce.eu\/?page_id=6"},"modified":"2025-08-12T17:53:05","modified_gmt":"2025-08-12T15:53:05","slug":"intellforce-detektei-und-strategiedienst","status":"publish","type":"page","link":"https:\/\/intellforce.eu\/fr\/","title":{"rendered":"Services de renseignement et services strat\u00e9giques"},"content":{"rendered":"<div class=\"wp-block-image bildweg\">\n<figure class=\"alignright size-full is-resized\"><img loading=\"lazy\" decoding=\"async\" width=\"512\" height=\"512\" src=\"https:\/\/intellforce.eu\/wp-content\/uploads\/intellforce-detektei-03-online.png\" alt=\"INTELLFORCE Strategic Intelligence &#038; Security\" class=\"wp-image-165\" style=\"width:300px\" title=\"INTELLFORCE Intelligence and strategic services\" srcset=\"https:\/\/intellforce.eu\/wp-content\/uploads\/intellforce-detektei-03-online.png 512w, https:\/\/intellforce.eu\/wp-content\/uploads\/intellforce-detektei-03-online-300x300.png 300w, https:\/\/intellforce.eu\/wp-content\/uploads\/intellforce-detektei-03-online-150x150.png 150w\" sizes=\"auto, (max-width: 512px) 100vw, 512px\" \/><\/figure>\n<\/div>\n\n\n<p>Nous sommes l&#8217;agence de d\u00e9tectives et le service strat\u00e9gique de <br>SAARSCHUTZ | VIGNERON PROTECTION GmbH<\/p>\n\n\n\n<p>La VIGNERON PROTECTION GmbH est sp\u00e9cialis\u00e9e dans la s\u00e9curit\u00e9. L&#8217;INTELLFORCE est la division de l&#8217;entreprise qui se concentre sur la collecte et l&#8217;\u00e9valuation d&#8217;informations pertinentes afin d&#8217;influencer strat\u00e9giquement la situation.<\/p>\n\n\n\n<p>En tant que votre service externe de renseignement et de strat\u00e9gie, nous vous conseillons et vous accompagnons tout au long du processus. Nous \u00e9laborons avec vous une strat\u00e9gie globale pour g\u00e9rer la situation. Nous recueillons des preuves et des informations, les \u00e9valuons et analysons la situation. Ensuite, nous mettons en \u0153uvre des mesures appropri\u00e9es pour vous. Pour cela, nous utilisons les m\u00e9thodes suivantes :<\/p>\n\n\n\n<h2 class=\"wp-block-heading\">Renseignement <\/h2>\n\n\n<div class=\"wp-block-image bildweg\">\n<figure class=\"alignright size-full is-resized\"><img loading=\"lazy\" decoding=\"async\" width=\"512\" height=\"512\" src=\"https:\/\/intellforce.eu\/wp-content\/uploads\/pict-detektiv-02-online.png\" alt=\"INTELLFORCE Detektei und strategische Dienste\" class=\"wp-image-49\" style=\"width:300px\" title=\"INTELLFORCE Intelligence and strategic services\" srcset=\"https:\/\/intellforce.eu\/wp-content\/uploads\/pict-detektiv-02-online.png 512w, https:\/\/intellforce.eu\/wp-content\/uploads\/pict-detektiv-02-online-300x300.png 300w, https:\/\/intellforce.eu\/wp-content\/uploads\/pict-detektiv-02-online-150x150.png 150w\" sizes=\"auto, (max-width: 512px) 100vw, 512px\" \/><\/figure>\n<\/div>\n\n\n<p>Au d\u00e9but, il y a la collecte et l&#8217;\u00e9valuation d&#8217;informations par le biais de :<\/p>\n\n\n\n<ul class=\"wp-block-list\">\n<li><strong>Enqu\u00eate secr\u00e8te<\/strong><\/li>\n\n\n\n<li><strong>Enqu\u00eate ouverte<\/strong><\/li>\n\n\n\n<li><strong>Enqu\u00eate en sources ouvertes<\/strong><\/li>\n\n\n\n<li><strong>Renseignement humain<\/strong><\/li>\n\n\n\n<li><strong>Op\u00e9rations psychologiques<\/strong><\/li>\n\n\n\n<li><strong>Communication op\u00e9rationnelle<\/strong><\/li>\n\n\n\n<li><strong>Simulation op\u00e9rationnelle<\/strong><\/li>\n<\/ul>\n\n\n\n<h2 class=\"wp-block-heading\">\u00c9valuation<\/h2>\n\n\n\n<p>Nous \u00e9valuons les r\u00e9sultats avec vous. Nous vous conseillons en vue de d\u00e9velopper une strat\u00e9gie pour influencer la situation de mani\u00e8re cibl\u00e9e.<\/p>\n\n\n\n<h2 class=\"wp-block-heading\">Intervention<\/h2>\n\n\n<div class=\"wp-block-image bildweg\">\n<figure class=\"alignright size-full is-resized\"><img loading=\"lazy\" decoding=\"async\" width=\"512\" height=\"512\" src=\"https:\/\/intellforce.eu\/wp-content\/uploads\/pict-kooperation-online.png\" alt=\"Kooperation\" class=\"wp-image-63\" style=\"width:300px\" title=\"INTELLFORCE Intelligence and strategic services\" srcset=\"https:\/\/intellforce.eu\/wp-content\/uploads\/pict-kooperation-online.png 512w, https:\/\/intellforce.eu\/wp-content\/uploads\/pict-kooperation-online-300x300.png 300w, https:\/\/intellforce.eu\/wp-content\/uploads\/pict-kooperation-online-150x150.png 150w\" sizes=\"auto, (max-width: 512px) 100vw, 512px\" \/><\/figure>\n<\/div>\n\n\n<p>Cela inclut la pr\u00e9paration et\/ou l&#8217;ex\u00e9cution de toutes les mesures pour compenser juridiquement tout d\u00e9savantage pour nos clients. Nous distinguons essentiellement :<\/p>\n\n\n\n<ul class=\"wp-block-list\">\n<li><strong>Mesures actives pour influencer la situation directement<\/strong><\/li>\n\n\n\n<li><strong>Mesures passives pour influencer la situation par voie judiciaire<\/strong><\/li>\n<\/ul>\n\n\n\n<h2 class=\"wp-block-heading\">Services compl\u00e9mentaires <\/h2>\n\n\n\n<p><strong>Services mobiles de protection et de s\u00e9curit\u00e9<\/strong><br>La VIGNERON PROTECTION GmbH vous propose \u00e9galement des services de s\u00e9curit\u00e9 compl\u00e9mentaires pour \u00e9carter les menaces:<\/p>\n\n\n<div class=\"wp-block-image bildweg\">\n<figure class=\"alignright size-full is-resized\"><img loading=\"lazy\" decoding=\"async\" width=\"512\" height=\"512\" src=\"https:\/\/intellforce.eu\/wp-content\/uploads\/pict-begleitschutz-msg-online.png\" alt=\"Mobile Schutz- und Sicherheitsdienste\" class=\"wp-image-54\" style=\"width:300px\" title=\"INTELLFORCE mobile security services\" srcset=\"https:\/\/intellforce.eu\/wp-content\/uploads\/pict-begleitschutz-msg-online.png 512w, https:\/\/intellforce.eu\/wp-content\/uploads\/pict-begleitschutz-msg-online-300x300.png 300w, https:\/\/intellforce.eu\/wp-content\/uploads\/pict-begleitschutz-msg-online-150x150.png 150w\" sizes=\"auto, (max-width: 512px) 100vw, 512px\" \/><\/figure>\n<\/div>\n\n\n<ul class=\"wp-block-list\">\n<li><strong>Services de s\u00e9curit\u00e9 arm\u00e9s<\/strong><\/li>\n\n\n\n<li><strong>Groupe mobile de protection et de s\u00e9curisation<\/strong><\/li>\n\n\n\n<li><strong>Protection personnelle<\/strong><\/li>\n\n\n\n<li><strong>Courrier de s\u00e9curit\u00e9<\/strong><\/li>\n\n\n\n<li><strong>Gestion de la s\u00e9curit\u00e9<\/strong><\/li>\n\n\n\n<li><strong>Conseil en s\u00e9curit\u00e9<\/strong><\/li>\n<\/ul>\n\n\n\n<p><strong>Contactez-nous<\/strong> avec votre requ\u00eate.<\/p>\n\n\n\n<h2 class=\"wp-block-heading\">Contact<\/h2>\n\n\n\n<p><span style=\"text-decoration: underline;\">L&#8217;adresse postale centrale de l&#8217;administration<\/span>:<\/p>\n\n\n<div class=\"wp-block-image\">\n<figure class=\"alignright size-full is-resized\"><img loading=\"lazy\" decoding=\"async\" width=\"512\" height=\"512\" src=\"https:\/\/intellforce.eu\/wp-content\/uploads\/pict-kontakt-intellforce-01-online.png\" alt=\"INTELLFORCE Kontakt Contact\" class=\"wp-image-45\" style=\"object-fit:cover;width:300px;height:undefinedpx\" title=\"INTELLFORCE contact\" srcset=\"https:\/\/intellforce.eu\/wp-content\/uploads\/pict-kontakt-intellforce-01-online.png 512w, https:\/\/intellforce.eu\/wp-content\/uploads\/pict-kontakt-intellforce-01-online-300x300.png 300w, https:\/\/intellforce.eu\/wp-content\/uploads\/pict-kontakt-intellforce-01-online-150x150.png 150w\" sizes=\"auto, (max-width: 512px) 100vw, 512px\" \/><\/figure>\n<\/div>\n\n\n<p><strong>INTELLFORCE | VIGNERON PROTECTION GmbH<\/strong><br>Meisenweg 10-12<br>66133 Sarrebruck, Allemagne<\/p>\n\n\n\n<p class=\"has-contrast-color has-text-color has-link-color wp-elements-746cc660218c45b9be6010b191ab9b03\"><strong>C&#8217;EST UNE ZONE DE S\u00c9CURIT\u00c9 !<\/strong><br>L&#8217;acc\u00e8s n&#8217;est accord\u00e9 qu&#8217;aux autorit\u00e9s et institutions avec des droits d&#8217;acc\u00e8s sp\u00e9ciaux.<\/p>\n\n\n\n<p>Nous recevons les invit\u00e9s sur rendez-vous pr\u00e9alable dans notre centre de formation et de visiteurs. Nous vous communiquerons l&#8217;adresse lors de la prise de rendez-vous.<\/p>\n\n\n\n<p>Nous utilisons vos informations exclusivement dans le cadre de votre demande. Vous trouverez notre <a href=\"\/kontakt\/\">Politique de confidentialit\u00e9 ici<\/a>.<\/p>\n","protected":false},"excerpt":{"rendered":"<p>Nous sommes l&#8217;agence de d\u00e9tectives et le service strat\u00e9gique de SAARSCHUTZ | VIGNERON PROTECTION GmbH La VIGNERON PROTECTION GmbH est sp\u00e9cialis\u00e9e dans la s\u00e9curit\u00e9. L&#8217;INTELLFORCE est la division de l&#8217;entreprise qui se concentre sur la collecte et l&#8217;\u00e9valuation d&#8217;informations pertinentes afin d&#8217;influencer strat\u00e9giquement la situation. En tant que votre service externe de renseignement et de &#8230; <a title=\"Services de renseignement et services strat\u00e9giques\" class=\"read-more\" href=\"https:\/\/intellforce.eu\/fr\/\" aria-label=\"En savoir plus sur Services de renseignement et services strat\u00e9giques\">Lire plus<\/a><\/p>\n","protected":false},"author":1,"featured_media":18,"parent":0,"menu_order":0,"comment_status":"closed","ping_status":"closed","template":"","meta":{"_seopress_robots_primary_cat":"","_seopress_titles_title":"INTELLFORCE","_seopress_titles_desc":"Corporate intelligence and strategic services! ","_seopress_robots_index":"","footnotes":""},"class_list":["post-6","page","type-page","status-publish","has-post-thumbnail"],"_links":{"self":[{"href":"https:\/\/intellforce.eu\/fr\/wp-json\/wp\/v2\/pages\/6","targetHints":{"allow":["GET"]}}],"collection":[{"href":"https:\/\/intellforce.eu\/fr\/wp-json\/wp\/v2\/pages"}],"about":[{"href":"https:\/\/intellforce.eu\/fr\/wp-json\/wp\/v2\/types\/page"}],"author":[{"embeddable":true,"href":"https:\/\/intellforce.eu\/fr\/wp-json\/wp\/v2\/users\/1"}],"replies":[{"embeddable":true,"href":"https:\/\/intellforce.eu\/fr\/wp-json\/wp\/v2\/comments?post=6"}],"version-history":[{"count":23,"href":"https:\/\/intellforce.eu\/fr\/wp-json\/wp\/v2\/pages\/6\/revisions"}],"predecessor-version":[{"id":168,"href":"https:\/\/intellforce.eu\/fr\/wp-json\/wp\/v2\/pages\/6\/revisions\/168"}],"wp:featuredmedia":[{"embeddable":true,"href":"https:\/\/intellforce.eu\/fr\/wp-json\/wp\/v2\/media\/18"}],"wp:attachment":[{"href":"https:\/\/intellforce.eu\/fr\/wp-json\/wp\/v2\/media?parent=6"}],"curies":[{"name":"wp","href":"https:\/\/api.w.org\/{rel}","templated":true}]}}