{"id":23,"date":"2024-11-01T16:35:31","date_gmt":"2024-11-01T15:35:31","guid":{"rendered":"https:\/\/intellforce.eu\/?page_id=23"},"modified":"2025-07-22T14:25:08","modified_gmt":"2025-07-22T12:25:08","slug":"impressum","status":"publish","type":"page","link":"https:\/\/intellforce.eu\/en\/impressum\/","title":{"rendered":"Impressum"},"content":{"rendered":"\n<div style=\"height:20px\" aria-hidden=\"true\" class=\"wp-block-spacer\"><\/div>\n\n\n\n<p><span style=\"text-decoration: underline;\">Betreiber der Internetseite<\/span>:<\/p>\n\n\n\n<div class=\"wp-block-group\"><div class=\"wp-block-group__inner-container is-layout-constrained wp-block-group-is-layout-constrained\"><div class=\"wp-block-image\">\n<figure class=\"alignright size-full is-resized\"><img loading=\"lazy\" decoding=\"async\" width=\"512\" height=\"512\" src=\"https:\/\/intellforce.eu\/wp-content\/uploads\/viprotect-02-online.png\" alt=\"VIGNERON PROTECTION GmbH\" class=\"wp-image-154\" style=\"width:300px\" srcset=\"https:\/\/intellforce.eu\/wp-content\/uploads\/viprotect-02-online.png 512w, https:\/\/intellforce.eu\/wp-content\/uploads\/viprotect-02-online-300x300.png 300w, https:\/\/intellforce.eu\/wp-content\/uploads\/viprotect-02-online-150x150.png 150w\" sizes=\"auto, (max-width: 512px) 100vw, 512px\" \/><\/figure>\n<\/div>\n\n\n<p><strong>VIGNERON PROTECTION GmbH<\/strong><br>Meisenweg 10-12<br>66133 Saarbr\u00fccken<\/p>\n\n\n\n<p class=\"has-contrast-color has-text-color has-link-color wp-elements-99498ec3b93b5b6ca4bb143246d7f44c\"><strong>Die zentrale Verwaltung ist ein Sicherheitsbereich!<\/strong><br>G\u00e4ste empfangen wir nur nach Terminvereinbarung und nur im Ausbildungs- und Besucherzentrum.&nbsp;<a href=\"https:\/\/intellforce.eu#kontakt\">Kontaktieren Sie uns gerne<\/a>.<\/p>\n\n\n\n<p><br><span style=\"text-decoration: underline;\">Registergericht<\/span>:<br><br><strong>Amtsgericht Saarbr\u00fccken<\/strong><br><strong>HRB 103243<\/strong><\/p>\n\n\n\n<p><br><span style=\"text-decoration: underline;\">USt-IdNr.<\/span><br><br><strong>DE306822792<\/strong><\/p>\n\n\n\n<p><br><span style=\"text-decoration: underline;\">Finanzaufsicht<\/span>:<br><br><strong>Finanzamt Saarbr\u00fccken<\/strong><\/p>\n<\/div><\/div>\n\n\n<div class=\"wp-block-image\">\n<figure class=\"alignright size-full is-resized\"><img loading=\"lazy\" decoding=\"async\" width=\"512\" height=\"512\" src=\"https:\/\/intellforce.eu\/wp-content\/uploads\/saarschutz-vigneron-ingo-02-online.png\" alt=\"Ingo Vigneron CEO\/PDG\" class=\"wp-image-109\" style=\"width:360px;height:undefinedpx\" srcset=\"https:\/\/intellforce.eu\/wp-content\/uploads\/saarschutz-vigneron-ingo-02-online.png 512w, https:\/\/intellforce.eu\/wp-content\/uploads\/saarschutz-vigneron-ingo-02-online-300x300.png 300w, https:\/\/intellforce.eu\/wp-content\/uploads\/saarschutz-vigneron-ingo-02-online-150x150.png 150w\" sizes=\"auto, (max-width: 512px) 100vw, 512px\" \/><\/figure>\n<\/div>\n\n\n<p><span style=\"text-decoration: underline;\">Vertretungsberechtigter Gesch\u00e4ftsf\u00fchrer<\/span>:<\/p>\n\n\n\n<div class=\"wp-block-group\"><div class=\"wp-block-group__inner-container is-layout-constrained wp-block-group-is-layout-constrained\">\n<p><strong>Ingo H. Vigneron<br><\/strong>Allein vertretungsberechtigt und <br>vom Verbot des \u00a7181 BGB befreit<\/p>\n\n\n\n<p>Anschrift wie oben<\/p>\n<\/div><\/div>\n\n\n\n<p><span style=\"text-decoration: underline;\">Inhaltlich verantwortlich<\/span>:<\/p>\n\n\n\n<div class=\"wp-block-group\"><div class=\"wp-block-group__inner-container is-layout-constrained wp-block-group-is-layout-constrained\">\n<p><strong>Ingo H. Vigneron<\/strong><br>Anschrift wie oben<\/p>\n<\/div><\/div>\n\n\n\n<p><span style=\"text-decoration: underline;\">Vertretungsberechtigte Prokuristen<\/span>:<\/p>\n\n\n\n<div class=\"wp-block-group\"><div class=\"wp-block-group__inner-container is-layout-constrained wp-block-group-is-layout-constrained\">\n<p><strong>Nadine Frerichs<br><\/strong>Allein vertretungsberechtigt und <br>vom Verbot des \u00a7181 BGB befreit<\/p>\n\n\n\n<p><strong>Ines Vigneron-Reinhard<br><\/strong>Allein vertretungsberechtigt und <br>vom Verbot des \u00a7181 BGB befreit<\/p>\n<\/div><\/div>\n\n\n\n<p><span style=\"text-decoration: underline;\">Kontaktm\u00f6glichkeiten<\/span>:<\/p>\n\n\n\n<div class=\"wp-block-group\"><div class=\"wp-block-group__inner-container is-layout-constrained wp-block-group-is-layout-constrained\">\n<p><strong>info @ vigneron &#8211; protection . com<\/strong>&nbsp; (ohne Leerzeichen)<\/p>\n\n\n\n<p><strong>+49 681 30 98 08 22<\/strong> (Telefon)<\/p>\n<\/div><\/div>\n\n\n\n<p><span style=\"text-decoration: underline;\">Mitgliedschaften<\/span>:<\/p>\n\n\n\n<div style=\"height:20px\" aria-hidden=\"true\" class=\"wp-block-spacer\"><\/div>\n\n\n\n<ul class=\"wp-block-list\">\n<li><strong>IHK Saarland<\/strong><\/li>\n<\/ul>\n\n\n\n<ul class=\"wp-block-list\">\n<li><strong>VBG \u2013 Verwaltungs-Berufsgenossenschaft<\/strong><\/li>\n<\/ul>\n\n\n\n<div style=\"height:60px\" aria-hidden=\"true\" class=\"wp-block-spacer\"><\/div>\n\n\n\n<p><span style=\"text-decoration: underline;\">Quellenangabe zu den genutzten Bildern<\/span>:<\/p>\n\n\n\n<div class=\"wp-block-group\"><div class=\"wp-block-group__inner-container is-layout-constrained wp-block-group-is-layout-constrained\">\n<p>Wir nutzen in erster Linie eigene Bilder und Grafiken. <\/p>\n\n\n\n<p>Es werden auch Bilder von dem Portal www.pixabay.com verwendet: \u201eAlle Bilder und Videos auf Pixabay sind frei von Urheberrechten unter Creative Commons CC0 ver\u00f6ffentlicht. Sie k\u00f6nnen kostenlos heruntergeladen, ver\u00e4ndert und f\u00fcr beliebige Zwecke verwendet werden, auch in kommerziellen Anwendungen. Eine Namensnennung ist nicht erforderlich.\u201c<\/p>\n\n\n\n<p>Dar\u00fcber hinaus werden Bilder von iStockphoto LP. (www.istockphoto.com) verwendet.<\/p>\n<\/div><\/div>\n\n\n\n<p><span style=\"text-decoration: underline;\">Abmahnung<\/span>:<\/p>\n\n\n\n<div class=\"wp-block-group\"><div class=\"wp-block-group__inner-container is-layout-constrained wp-block-group-is-layout-constrained\">\n<p>Sollten Inhalt oder Aufmachung dieser Webseite Rechte Dritter oder gesetzliche Bestimmungen verletzen, bitten wir um Benachrichtigung ohne Ausstellung einer Kostennote. Zu Recht beanstandete Passagen werden unverz\u00fcglich entfernt, sodass die Einschaltung eines Rechtsbeistandes nicht erforderlich ist.<\/p>\n<\/div><\/div>\n\n\n\n<p><span style=\"text-decoration: underline;\">Gendering<\/span>:<\/p>\n\n\n\n<div class=\"wp-block-group\"><div class=\"wp-block-group__inner-container is-layout-constrained wp-block-group-is-layout-constrained\">\n<p>Ihre sexuelle Ausrichtung, ihr biologisches Geschlecht, ihre Geschlechtsidentit\u00e4t und dergleichen privater Dinge sind uns v\u00f6llig gleichg\u00fcltig.  Dies ergibt sich aus unserem Bekenntnis zur freiheitlich demokratischen Grundordnung im Sinne des Grundgesetzes. Sie sind uns in jedem Fall willkommen. <\/p>\n\n\n\n<p>Unabh\u00e4ngig davon, haben wir uns gegen das Gendern in unseren Texten entschieden. Wir nutzen die gewohnte Sprachform, aus Gr\u00fcnden der besseren und leichteren Lesbarkeit. In diesem Sinne bitten wir Sie dies als neutrale Formulierung zu verstehen. Weiter bitten wir Sie in dieser Sache die gleiche Toleranz, wie wir sie Ihnen entgegenbringen.<\/p>\n<\/div><\/div>\n","protected":false},"excerpt":{"rendered":"<p>Betreiber der Internetseite: VIGNERON PROTECTION GmbHMeisenweg 10-1266133 Saarbr\u00fccken Die zentrale Verwaltung ist ein Sicherheitsbereich!G\u00e4ste empfangen wir nur nach Terminvereinbarung und nur im Ausbildungs- und Besucherzentrum.&nbsp;Kontaktieren Sie uns gerne. Registergericht: Amtsgericht Saarbr\u00fcckenHRB 103243 USt-IdNr. DE306822792 Finanzaufsicht: Finanzamt Saarbr\u00fccken Vertretungsberechtigter Gesch\u00e4ftsf\u00fchrer: Ingo H. VigneronAllein vertretungsberechtigt und vom Verbot des \u00a7181 BGB befreit Anschrift wie oben Inhaltlich verantwortlich: &#8230; <a title=\"Impressum\" class=\"read-more\" href=\"https:\/\/intellforce.eu\/en\/impressum\/\" aria-label=\"Read more about Impressum\">Read more<\/a><\/p>\n","protected":false},"author":1,"featured_media":0,"parent":0,"menu_order":0,"comment_status":"closed","ping_status":"closed","template":"","meta":{"_seopress_robots_primary_cat":"","_seopress_titles_title":"","_seopress_titles_desc":"","_seopress_robots_index":"","footnotes":""},"class_list":["post-23","page","type-page","status-publish"],"_links":{"self":[{"href":"https:\/\/intellforce.eu\/en\/wp-json\/wp\/v2\/pages\/23","targetHints":{"allow":["GET"]}}],"collection":[{"href":"https:\/\/intellforce.eu\/en\/wp-json\/wp\/v2\/pages"}],"about":[{"href":"https:\/\/intellforce.eu\/en\/wp-json\/wp\/v2\/types\/page"}],"author":[{"embeddable":true,"href":"https:\/\/intellforce.eu\/en\/wp-json\/wp\/v2\/users\/1"}],"replies":[{"embeddable":true,"href":"https:\/\/intellforce.eu\/en\/wp-json\/wp\/v2\/comments?post=23"}],"version-history":[{"count":7,"href":"https:\/\/intellforce.eu\/en\/wp-json\/wp\/v2\/pages\/23\/revisions"}],"predecessor-version":[{"id":160,"href":"https:\/\/intellforce.eu\/en\/wp-json\/wp\/v2\/pages\/23\/revisions\/160"}],"wp:attachment":[{"href":"https:\/\/intellforce.eu\/en\/wp-json\/wp\/v2\/media?parent=23"}],"curies":[{"name":"wp","href":"https:\/\/api.w.org\/{rel}","templated":true}]}}