{"id":6,"date":"2024-11-01T15:38:27","date_gmt":"2024-11-01T14:38:27","guid":{"rendered":"https:\/\/intellforce.eu\/?page_id=6"},"modified":"2025-08-12T17:53:05","modified_gmt":"2025-08-12T15:53:05","slug":"intellforce-detektei-und-strategiedienst","status":"publish","type":"page","link":"https:\/\/intellforce.eu\/de\/","title":{"rendered":"INTELLFORCE | Strategische Dienste und Detektei"},"content":{"rendered":"<div class=\"wp-block-image bildweg\">\n<figure class=\"alignright size-full is-resized\"><img loading=\"lazy\" decoding=\"async\" width=\"512\" height=\"512\" src=\"https:\/\/intellforce.eu\/wp-content\/uploads\/intellforce-detektei-03-online.png\" alt=\"INTELLFORCE Strategic Intelligence &#038; Security\" class=\"wp-image-165\" style=\"width:300px\" title=\"INTELLFORCE Intelligence and strategic services\" srcset=\"https:\/\/intellforce.eu\/wp-content\/uploads\/intellforce-detektei-03-online.png 512w, https:\/\/intellforce.eu\/wp-content\/uploads\/intellforce-detektei-03-online-300x300.png 300w, https:\/\/intellforce.eu\/wp-content\/uploads\/intellforce-detektei-03-online-150x150.png 150w\" sizes=\"auto, (max-width: 512px) 100vw, 512px\" \/><\/figure>\n<\/div>\n\n\n<p>Die VIGNERON PROTECTION GmbH ist auf&nbsp;Sicherheitsdienstleistungen&nbsp;spezialisiert. INTELLFORCE ist die Organisationseinheit, die sich auf internationale Strategieberatung, Aufkl\u00e4rung, Auswertung und Einwirkung spezialisiert hat.<\/p>\n\n\n\n<p>Als Ihr externer Aufkl\u00e4rungs- und Strategiedienst, beraten und begleiten wir Sie w\u00e4hrend dem gesamten Vorgang. Wir entwickeln mit Ihnen eine Gesamtstrategie zur Bew\u00e4ltigung der Situation. Wir beschaffen Beweise und Informationen, werten sie aus und beurteilen die Lage. Dann leiten wir geeignete Ma\u00dfnahmen f\u00fcr Sie ein. Dabei setzen wir folgende Methoden ein:<\/p>\n\n\n\n<div style=\"height:20px\" aria-hidden=\"true\" class=\"wp-block-spacer\"><\/div>\n\n\n\n<h2 class=\"wp-block-heading\">Aufkl\u00e4rung<\/h2>\n\n\n<div class=\"wp-block-image bildweg\">\n<figure class=\"alignright size-full is-resized\"><img loading=\"lazy\" decoding=\"async\" width=\"512\" height=\"512\" src=\"https:\/\/intellforce.eu\/wp-content\/uploads\/pict-detektiv-02-online.png\" alt=\"INTELLFORCE Detektei und strategische Dienste\" class=\"wp-image-49\" style=\"width:300px\" title=\"INTELLFORCE Intelligence and strategic services\" srcset=\"https:\/\/intellforce.eu\/wp-content\/uploads\/pict-detektiv-02-online.png 512w, https:\/\/intellforce.eu\/wp-content\/uploads\/pict-detektiv-02-online-300x300.png 300w, https:\/\/intellforce.eu\/wp-content\/uploads\/pict-detektiv-02-online-150x150.png 150w\" sizes=\"auto, (max-width: 512px) 100vw, 512px\" \/><\/figure>\n<\/div>\n\n\n<p>Am Anfang steht die Beschaffung und Auswertung von Informationen mittels:<\/p>\n\n\n\n<ul class=\"wp-block-list\">\n<li>Verdeckte Ermittlung<\/li>\n\n\n\n<li>Offene Ermittlung<\/li>\n\n\n\n<li>Open-Source Ermittlung<\/li>\n\n\n\n<li>Menschliche Aufkl\u00e4rung<\/li>\n\n\n\n<li>Psychologische Operationen<\/li>\n\n\n\n<li>Operative Kommunikation<\/li>\n\n\n\n<li>Operative Simulation<\/li>\n<\/ul>\n\n\n\n<div style=\"height:20px\" aria-hidden=\"true\" class=\"wp-block-spacer\"><\/div>\n\n\n\n<h2 class=\"wp-block-heading\">Auswertung<\/h2>\n\n\n<div class=\"wp-block-image bildweg\">\n<figure class=\"alignright size-full is-resized\"><img loading=\"lazy\" decoding=\"async\" width=\"512\" height=\"512\" src=\"https:\/\/intellforce.eu\/wp-content\/uploads\/pict-kooperation-online.png\" alt=\"Kooperation\" class=\"wp-image-63\" style=\"width:300px\" title=\"INTELLFORCE Intelligence and strategic services\" srcset=\"https:\/\/intellforce.eu\/wp-content\/uploads\/pict-kooperation-online.png 512w, https:\/\/intellforce.eu\/wp-content\/uploads\/pict-kooperation-online-300x300.png 300w, https:\/\/intellforce.eu\/wp-content\/uploads\/pict-kooperation-online-150x150.png 150w\" sizes=\"auto, (max-width: 512px) 100vw, 512px\" \/><\/figure>\n<\/div>\n\n\n<p>Wir werten die Ergebnisse mit Ihnen aus. Wir beraten Sie im Hinblick auf die Entwicklung einer Strategie, um zielgerichtet auf die Situation einzuwirken.<\/p>\n\n\n\n<h2 class=\"wp-block-heading\"> <br>Einwirkung<\/h2>\n\n\n\n<p>Hierunter fallen die Vorbereitung und\/oder Durchf\u00fchrung aller Ma\u00dfnahmen, um etwaige Nachteile unserer Auftraggeber rechtssicher auszugleichen. Hierbei unterscheiden wir im Wesentlichen:<\/p>\n\n\n\n<ul class=\"wp-block-list\">\n<li>Aktive Ma\u00dfnahmen um direkt auf die Situation einzuwirken<\/li>\n\n\n\n<li>Passive Ma\u00dfnahmen um gerichtlich auf die Situation einzuwirken<\/li>\n<\/ul>\n\n\n\n<div style=\"height:20px\" aria-hidden=\"true\" class=\"wp-block-spacer\"><\/div>\n\n\n\n<h2 class=\"wp-block-heading\">Erg\u00e4nzende Dienstleistungen<\/h2>\n\n\n<div class=\"wp-block-image bildweg\">\n<figure class=\"alignright size-full is-resized\"><img loading=\"lazy\" decoding=\"async\" width=\"512\" height=\"512\" src=\"https:\/\/intellforce.eu\/wp-content\/uploads\/pict-begleitschutz-msg-online.png\" alt=\"Mobile Schutz- und Sicherheitsdienste\" class=\"wp-image-54\" style=\"width:300px\" title=\"INTELLFORCE mobile security services\" srcset=\"https:\/\/intellforce.eu\/wp-content\/uploads\/pict-begleitschutz-msg-online.png 512w, https:\/\/intellforce.eu\/wp-content\/uploads\/pict-begleitschutz-msg-online-300x300.png 300w, https:\/\/intellforce.eu\/wp-content\/uploads\/pict-begleitschutz-msg-online-150x150.png 150w\" sizes=\"auto, (max-width: 512px) 100vw, 512px\" \/><\/figure>\n<\/div>\n\n\n<p>Die VIGNERON PROTECTION GmbH bietet Ihnen auch erg\u00e4nzende Sicherheitsdienstleistungen an, um Bedrohungen abzuwenden:<\/p>\n\n\n\n<ul class=\"wp-block-list\">\n<li>Bewaffnete Sicherheitsdienstleistungen<\/li>\n\n\n\n<li>Mobile Schutz- und Sicherungsgruppe<\/li>\n\n\n\n<li>Personenschutz<\/li>\n\n\n\n<li>Sicherheitskurier<\/li>\n\n\n\n<li>Sicherheitsmanagement<\/li>\n\n\n\n<li>Sicherheitsberatung<\/li>\n<\/ul>\n\n\n\n<p>Kontaktieren Sie uns&nbsp;mit Ihrem Anliegen.<\/p>\n\n\n\n<div style=\"height:20px\" aria-hidden=\"true\" class=\"wp-block-spacer\"><\/div>\n\n\n\n<h2 class=\"wp-block-heading\" id=\"kontakt\">Kontakt<\/h2>\n\n\n<div class=\"wp-block-image\">\n<figure class=\"alignright size-full is-resized\"><img loading=\"lazy\" decoding=\"async\" width=\"512\" height=\"512\" src=\"https:\/\/intellforce.eu\/wp-content\/uploads\/pict-kontakt-intellforce-01-online.png\" alt=\"INTELLFORCE Kontakt Contact\" class=\"wp-image-45\" style=\"object-fit:cover;width:300px;height:undefinedpx\" title=\"INTELLFORCE contact\" srcset=\"https:\/\/intellforce.eu\/wp-content\/uploads\/pict-kontakt-intellforce-01-online.png 512w, https:\/\/intellforce.eu\/wp-content\/uploads\/pict-kontakt-intellforce-01-online-300x300.png 300w, https:\/\/intellforce.eu\/wp-content\/uploads\/pict-kontakt-intellforce-01-online-150x150.png 150w\" sizes=\"auto, (max-width: 512px) 100vw, 512px\" \/><\/figure>\n<\/div>\n\n\n<p><span style=\"text-decoration: underline;\">Die zentrale Postanschrift der Verwaltung<\/span>:<\/p>\n\n\n\n<p>INTELLFORCE | VIGNERON PROTECTION GmbH<br>Meisenweg 10-12<br>66133 Saarbr\u00fccken<\/p>\n\n\n\n<p class=\"has-contrast-color has-text-color has-link-color wp-elements-27b9eaffd52eb89b00c6f5cefb06870e\"><strong>Dies ist ein SICHERHEITSBEREICH!<\/strong><br>Zutritt erhalten hier nur Beh\u00f6rden und Institutionen mit Sonderzugangsrechten.<\/p>\n\n\n\n<p><strong>G\u00e4ste empfangen wir nach vorheriger Terminvereinbarung in unserem Ausbildungs- und Besucherzentrum.<\/strong>&nbsp;<strong>Die Adresse teilen wir Ihnen bei der Terminvereinbarung mit.<\/strong><\/p>\n\n\n\n<p>Wir nutzen Ihre Angaben ausschlie\u00dflich im Rahmen Ihrer Anfrage. Hier finden Sie unsere&nbsp;<a href=\"\/datenschutz\/\">Datenschutzerkl\u00e4rung<\/a>.<\/p>\n","protected":false},"excerpt":{"rendered":"<p>Die VIGNERON PROTECTION GmbH ist auf&nbsp;Sicherheitsdienstleistungen&nbsp;spezialisiert. INTELLFORCE ist die Organisationseinheit, die sich auf internationale Strategieberatung, Aufkl\u00e4rung, Auswertung und Einwirkung spezialisiert hat. Als Ihr externer Aufkl\u00e4rungs- und Strategiedienst, beraten und begleiten wir Sie w\u00e4hrend dem gesamten Vorgang. Wir entwickeln mit Ihnen eine Gesamtstrategie zur Bew\u00e4ltigung der Situation. Wir beschaffen Beweise und Informationen, werten sie aus und &#8230; <a title=\"INTELLFORCE | Strategische Dienste und Detektei\" class=\"read-more\" href=\"https:\/\/intellforce.eu\/de\/\" aria-label=\"Mehr Informationen \u00fcber INTELLFORCE | Strategische Dienste und Detektei\">Weiterlesen &#8230;<\/a><\/p>\n","protected":false},"author":1,"featured_media":18,"parent":0,"menu_order":0,"comment_status":"closed","ping_status":"closed","template":"","meta":{"_seopress_robots_primary_cat":"","_seopress_titles_title":"INTELLFORCE","_seopress_titles_desc":"Corporate intelligence and strategic services! ","_seopress_robots_index":"","footnotes":""},"class_list":["post-6","page","type-page","status-publish","has-post-thumbnail"],"_links":{"self":[{"href":"https:\/\/intellforce.eu\/de\/wp-json\/wp\/v2\/pages\/6","targetHints":{"allow":["GET"]}}],"collection":[{"href":"https:\/\/intellforce.eu\/de\/wp-json\/wp\/v2\/pages"}],"about":[{"href":"https:\/\/intellforce.eu\/de\/wp-json\/wp\/v2\/types\/page"}],"author":[{"embeddable":true,"href":"https:\/\/intellforce.eu\/de\/wp-json\/wp\/v2\/users\/1"}],"replies":[{"embeddable":true,"href":"https:\/\/intellforce.eu\/de\/wp-json\/wp\/v2\/comments?post=6"}],"version-history":[{"count":23,"href":"https:\/\/intellforce.eu\/de\/wp-json\/wp\/v2\/pages\/6\/revisions"}],"predecessor-version":[{"id":168,"href":"https:\/\/intellforce.eu\/de\/wp-json\/wp\/v2\/pages\/6\/revisions\/168"}],"wp:featuredmedia":[{"embeddable":true,"href":"https:\/\/intellforce.eu\/de\/wp-json\/wp\/v2\/media\/18"}],"wp:attachment":[{"href":"https:\/\/intellforce.eu\/de\/wp-json\/wp\/v2\/media?parent=6"}],"curies":[{"name":"wp","href":"https:\/\/api.w.org\/{rel}","templated":true}]}}