{"id":25,"date":"2024-11-01T16:35:58","date_gmt":"2024-11-01T15:35:58","guid":{"rendered":"https:\/\/intellforce.eu\/?page_id=25"},"modified":"2024-11-02T01:11:41","modified_gmt":"2024-11-02T00:11:41","slug":"kontakt","status":"publish","type":"page","link":"https:\/\/intellforce.eu\/de\/kontakt\/","title":{"rendered":"Kontakt"},"content":{"rendered":"<div class=\"wp-block-image\">\n<figure class=\"alignright size-full is-resized\"><img loading=\"lazy\" decoding=\"async\" width=\"512\" height=\"512\" src=\"https:\/\/intellforce.eu\/wp-content\/uploads\/pict-detektiv-02-online.png\" alt=\"INTELLFORCE Detektei und strategische Dienste\" class=\"wp-image-49\" style=\"width:413px;height:undefinedpx\" srcset=\"https:\/\/intellforce.eu\/wp-content\/uploads\/pict-detektiv-02-online.png 512w, https:\/\/intellforce.eu\/wp-content\/uploads\/pict-detektiv-02-online-300x300.png 300w, https:\/\/intellforce.eu\/wp-content\/uploads\/pict-detektiv-02-online-150x150.png 150w\" sizes=\"auto, (max-width: 512px) 100vw, 512px\" \/><\/figure>\n<\/div>\n\n<div class=\"wp-block-image\">\n<figure class=\"alignleft size-full is-resized\"><img loading=\"lazy\" decoding=\"async\" width=\"512\" height=\"512\" src=\"https:\/\/intellforce.eu\/wp-content\/uploads\/pict-kontakt-intellforce-01-online.png\" alt=\"INTELLFORCE Kontakt Contact\" class=\"wp-image-45\" style=\"width:413px;height:undefinedpx\" title=\"Kontakt\" srcset=\"https:\/\/intellforce.eu\/wp-content\/uploads\/pict-kontakt-intellforce-01-online.png 512w, https:\/\/intellforce.eu\/wp-content\/uploads\/pict-kontakt-intellforce-01-online-300x300.png 300w, https:\/\/intellforce.eu\/wp-content\/uploads\/pict-kontakt-intellforce-01-online-150x150.png 150w\" sizes=\"auto, (max-width: 512px) 100vw, 512px\" \/><\/figure>\n<\/div>\n\n\n<div style=\"height:10px\" aria-hidden=\"true\" class=\"wp-block-spacer\"><\/div>\n\n\n\n<div style=\"height:40px\" aria-hidden=\"true\" class=\"wp-block-spacer\"><\/div>\n\n\n\n<p><span style=\"text-decoration: underline;\">Die zentrale Postanschrift der Verwaltung<\/span>:<\/p>\n\n\n\n<p>INTELLFORCE | VIGNERON PROTECTION GmbH<br>Meisenweg 10-12<br>66133 Saarbr\u00fccken<\/p>\n\n\n\n<p class=\"has-contrast-color has-text-color has-link-color wp-elements-27b9eaffd52eb89b00c6f5cefb06870e\"><strong>Dies ist ein SICHERHEITSBEREICH!<\/strong><br>Zutritt erhalten hier nur Beh\u00f6rden und Institutionen mit Sonderzugangsrechten.<\/p>\n\n\n\n<p><strong>G\u00e4ste empfangen wir nach vorheriger Terminvereinbarung in unserem Ausbildungs- und Besucherzentrum.<\/strong>&nbsp;<strong>Die Adresse teilen wir Ihnen bei der Terminvereinbarung mit.<\/strong><\/p>\n\n\n\n<p>Wir nutzen Ihre Angaben ausschlie\u00dflich im Rahmen Ihrer Anfrage. Hier finden Sie unsere&nbsp;<a href=\"\/datenschutz\/\">Datenschutzerkl\u00e4rung<\/a>.<\/p>\n","protected":false},"excerpt":{"rendered":"<p>Die zentrale Postanschrift der Verwaltung: INTELLFORCE | VIGNERON PROTECTION GmbHMeisenweg 10-1266133 Saarbr\u00fccken Dies ist ein SICHERHEITSBEREICH!Zutritt erhalten hier nur Beh\u00f6rden und Institutionen mit Sonderzugangsrechten. G\u00e4ste empfangen wir nach vorheriger Terminvereinbarung in unserem Ausbildungs- und Besucherzentrum.&nbsp;Die Adresse teilen wir Ihnen bei der Terminvereinbarung mit. Wir nutzen Ihre Angaben ausschlie\u00dflich im Rahmen Ihrer Anfrage. Hier finden Sie &#8230; <a title=\"Kontakt\" class=\"read-more\" href=\"https:\/\/intellforce.eu\/de\/kontakt\/\" aria-label=\"Mehr Informationen \u00fcber Kontakt\">Weiterlesen &#8230;<\/a><\/p>\n","protected":false},"author":1,"featured_media":0,"parent":0,"menu_order":0,"comment_status":"closed","ping_status":"closed","template":"","meta":{"_seopress_robots_primary_cat":"","_seopress_titles_title":"","_seopress_titles_desc":"","_seopress_robots_index":"","footnotes":""},"class_list":["post-25","page","type-page","status-publish"],"_links":{"self":[{"href":"https:\/\/intellforce.eu\/de\/wp-json\/wp\/v2\/pages\/25","targetHints":{"allow":["GET"]}}],"collection":[{"href":"https:\/\/intellforce.eu\/de\/wp-json\/wp\/v2\/pages"}],"about":[{"href":"https:\/\/intellforce.eu\/de\/wp-json\/wp\/v2\/types\/page"}],"author":[{"embeddable":true,"href":"https:\/\/intellforce.eu\/de\/wp-json\/wp\/v2\/users\/1"}],"replies":[{"embeddable":true,"href":"https:\/\/intellforce.eu\/de\/wp-json\/wp\/v2\/comments?post=25"}],"version-history":[{"count":3,"href":"https:\/\/intellforce.eu\/de\/wp-json\/wp\/v2\/pages\/25\/revisions"}],"predecessor-version":[{"id":75,"href":"https:\/\/intellforce.eu\/de\/wp-json\/wp\/v2\/pages\/25\/revisions\/75"}],"wp:attachment":[{"href":"https:\/\/intellforce.eu\/de\/wp-json\/wp\/v2\/media?parent=25"}],"curies":[{"name":"wp","href":"https:\/\/api.w.org\/{rel}","templated":true}]}}